{"id":1013,"date":"2009-11-26T15:21:05","date_gmt":"2009-11-26T14:21:05","guid":{"rendered":"http:\/\/www.pinguinstall.org\/?page_id=2"},"modified":"2018-02-24T22:03:55","modified_gmt":"2018-02-24T20:03:55","slug":"about","status":"publish","type":"page","link":"https:\/\/clustermeister.de\/index.php\/about\/","title":{"rendered":"About \/ Impressum"},"content":{"rendered":"<p><strong>Site Provider:<\/strong><\/p>\n<p>Robin Geyer<br \/>\nJohannes-Brahms-Str 37<br \/>\n01259 Dresden<br \/>\nrobin(\u00e4t)pinguinstall(dod)org<\/p>\n<p><strong>Haftungsausschlu\u00df:<\/strong><\/p>\n<p style=\"text-align: justify;\">Eine Haftung f\u00fcr die Richtigkeit, Vollst\u00e4ndigkeit und Aktualit\u00e4t dieser Webseiten kann trotz sorgf\u00e4ltiger Pr\u00fcfung nicht \u00fcbernommen werden. Die Autoren \u00fcbernehmen insbesondere keinerlei Haftung f\u00fcr eventuelle Sch\u00e4den oder Konsequenzen, die durch die direkte oder indirekte Nutzung der angebotenen Inhalte entstehen.<\/p>\n<p><strong>Urheberrecht:<\/strong><\/p>\n<p style=\"text-align: justify;\">Alle im Internetangebot pinguinstall.org ver\u00f6ffentlichten Inhalte (Layout, Texte, Bilder, Grafiken usw.) unterliegen dem Urheberrecht. Jede vom Urheberrechtsgesetz nicht zugelassene Verwertung bedarf vorheriger ausdr\u00fccklicher Zustimmung. Dies gilt insbesondere f\u00fcr Vervielf\u00e4ltigung, Bearbeitung, \u00dcbersetzung, Einspeicherung, Verarbeitung bzw. Wiedergabe von Inhalten in Datenbanken oder anderen elektronischen Medien und Systemen. Fotokopien und Downloads von Web-Seiten f\u00fcr den privaten, wissenschaftlichen und nicht kommerziellen Gebrauch d\u00fcrfen hergestellt werden.<\/p>\n<p style=\"text-align: justify;\"><strong>Wir erlauben ausdr\u00fccklich und begr\u00fc\u00dfen das Zitieren unserer Dokumente und Webseiten sowie das Setzen von Links auf unsere Website. Einige Dokumente sind mit einer Markierung bez\u00fcglich <a href=\"http:\/\/creativecommons.org\/\" target=\"_blank\" rel=\"noopener\">Creative Commons<\/a> Lizenz markiert. Diese Dokumente d\u00fcrfen unter den jeweiligen CC-Lizenzbedingungen ohne Nachfrage verwendet werden.<br \/>\n<\/strong><\/p>\n<p style=\"text-align: justify;\">Alle innerhalb des Internetangebotes genannten und ggf. durch Dritte gesch\u00e4tzten Marken und Warenzeichen unterliegen uneingeschr\u00e4nkt den Bestimmungen des jeweils g\u00fcltigen Kennzeichenrechts und den Besitzrechten der jeweiligen eingetragenen Eigent\u00fcmer. Allein aufgrund der blo\u00dfen Nennung ist nicht der Schluss zu ziehen, dass Markenzeichen nicht durch Rechte Dritter gesch\u00fctzt sind.<\/p>\n<p><strong>Verweise und Links:<\/strong><\/p>\n<p style=\"text-align: justify;\">Bei direkten oder indirekten Verweisen auf fremde Webseiten (\u201dHyperlinks\u201d), die au\u00dferhalb des Verantwortungsbereiches des Autor liegen, w\u00fcrde eine Haftungsverpflichtung ausschlie\u00dflich in dem Fall in Kraft treten, in dem der Autor von den Inhalten Kenntnis haben und es ihnen technisch m\u00f6glich und zumutbar w\u00e4re, die Nutzung im Falle rechtswidriger Inhalte zu verhindern. Der Autor erkl\u00e4ren hiermit ausdr\u00fccklich, dass zum Zeitpunkt der Linksetzung keine illegalen Inhalte auf den zu verlinkenden Seiten erkennbar waren. Auf die aktuelle und zuk\u00fcnftige Gestaltung, die Inhalte oder die Urheberschaft der gelinkten\/verkn\u00fcpften Seiten hat der Autor keinerlei Einfluss. Deshalb distanziert er sich hiermit ausdr\u00fccklich von allen Inhalten aller gelinkten \/verkn\u00fcpften Seiten, die nach der Linksetzung ver\u00e4ndert wurden. Diese Feststellung gilt f\u00fcr alle innerhalb des eigenen Internetangebotes gesetzten Links und Verweise. F\u00fcr illegale, fehlerhafte oder unvollst\u00e4ndige Inhalte und insbesondere f\u00fcr Sch\u00e4den, die aus der Nutzung oder Nichtnutzung solcherart dargebotener Informationen entstehen, haftet allein der Anbieter der Seite, auf welche verwiesen wurde, nicht derjenige, der \u00fcber Links auf die jeweilige Ver\u00f6ffentlichung lediglich verweist.<\/p>\n<p><strong>Datenschutz:<\/strong><\/p>\n<p style=\"text-align: justify;\">Sofern innerhalb des Internetangebotes die M\u00f6glichkeit zur Eingabe pers\u00f6nlicher oder gesch\u00e4ftlicher Daten (Emailadressen, Namen, Anschriften) besteht, so erfolgt die Preisgabe dieser Daten seitens des Nutzers auf ausdr\u00fccklich freiwilliger Basis. Die Inanspruchnahme und Bezahlung aller angebotenen Dienste ist \u2013 soweit technisch m\u00f6glich und zumutbar \u2013 auch ohne Angabe solcher Daten bzw. unter Angabe anonymisierter Daten oder eines Pseudonyms gestattet. Die Nutzung der im Rahmen des Impressums oder vergleichbarer Angaben ver\u00f6ffentlichten Kontaktdaten wie Postanschriften, Telefon- und Faxnummern sowie Emailadressen durch Dritte zur \u00dcbersendung von nicht ausdr\u00fccklich angeforderten Informationen ist nicht gestattet. Rechtliche Schritte gegen die Versender von sogenannten Spam-Mails bei Verst\u00f6ssen gegen dieses Verbot sind ausdr\u00fccklich vorbehalten.<\/p>\n<p><strong>Rechtswirksamkeit dieses Haftungsausschlusses:<\/strong><\/p>\n<p style=\"text-align: justify;\">Dieser Haftungsausschluss ist als Teil des Internetangebotes zu betrachten, von dem aus auf diese Seite verwiesen wurde. Sofern Teile oder einzelne Formulierungen dieses Textes der geltenden Rechtslage nicht, nicht mehr oder nicht vollst\u00e4ndig entsprechen sollten, bleiben die \u00fcbrigen Teile des Dokumentes in ihrem Inhalt und ihrer G\u00fcltigkeit davon unber\u00fchrt.<\/p>\n","protected":false},"excerpt":{"rendered":"<p>Site Provider: Robin Geyer Johannes-Brahms-Str 37 01259 Dresden robin(\u00e4t)pinguinstall(dod)org Haftungsausschlu\u00df: Eine Haftung f\u00fcr die Richtigkeit, Vollst\u00e4ndigkeit und Aktualit\u00e4t dieser Webseiten kann trotz sorgf\u00e4ltiger Pr\u00fcfung nicht \u00fcbernommen werden. Die Autoren \u00fcbernehmen insbesondere keinerlei Haftung f\u00fcr eventuelle Sch\u00e4den oder Konsequenzen, die durch die direkte oder indirekte Nutzung der angebotenen Inhalte entstehen. Urheberrecht: Alle im Internetangebot pinguinstall.org ver\u00f6ffentlichten &hellip; <\/p>\n<p class=\"link-more\"><a href=\"https:\/\/clustermeister.de\/index.php\/about\/\" class=\"more-link\">Continue reading<span class=\"screen-reader-text\"> &#8220;About \/ Impressum&#8221;<\/span><\/a><\/p>\n","protected":false},"author":1,"featured_media":0,"parent":0,"menu_order":0,"comment_status":"closed","ping_status":"open","template":"","meta":{"footnotes":""},"class_list":["post-1013","page","type-page","status-publish","hentry"],"_links":{"self":[{"href":"https:\/\/clustermeister.de\/index.php\/wp-json\/wp\/v2\/pages\/1013","targetHints":{"allow":["GET"]}}],"collection":[{"href":"https:\/\/clustermeister.de\/index.php\/wp-json\/wp\/v2\/pages"}],"about":[{"href":"https:\/\/clustermeister.de\/index.php\/wp-json\/wp\/v2\/types\/page"}],"author":[{"embeddable":true,"href":"https:\/\/clustermeister.de\/index.php\/wp-json\/wp\/v2\/users\/1"}],"replies":[{"embeddable":true,"href":"https:\/\/clustermeister.de\/index.php\/wp-json\/wp\/v2\/comments?post=1013"}],"version-history":[{"count":5,"href":"https:\/\/clustermeister.de\/index.php\/wp-json\/wp\/v2\/pages\/1013\/revisions"}],"predecessor-version":[{"id":3101,"href":"https:\/\/clustermeister.de\/index.php\/wp-json\/wp\/v2\/pages\/1013\/revisions\/3101"}],"wp:attachment":[{"href":"https:\/\/clustermeister.de\/index.php\/wp-json\/wp\/v2\/media?parent=1013"}],"curies":[{"name":"wp","href":"https:\/\/api.w.org\/{rel}","templated":true}]}}