{"id":18,"date":"2009-11-26T16:08:53","date_gmt":"2009-11-26T15:08:53","guid":{"rendered":"http:\/\/www.pinguinstall.org\/?page_id=18"},"modified":"2013-04-30T04:48:46","modified_gmt":"2013-04-30T11:48:46","slug":"astro","status":"publish","type":"page","link":"https:\/\/clustermeister.de\/index.php\/astro\/","title":{"rendered":"Astro"},"content":{"rendered":"<p style=\"text-align: justify;\">Meine Objektliste. Alle Objekte sind (wenn nicht anders bemerkt) mit einem Bresser Messier N-203 und unterschiedlichen Okularen visuell betrachtet worden.<\/p>\n<p style=\"text-align: justify;\">Die Einreichung von Asteriodenpositionen an das Minor Planet Center, die ich (solange es kein Anderer war) mit Hilfe des Lohrmann-Observatoriums auf dem Triebenberg entstanden sind lassen sich hier einsehen: <a href=\"http:\/\/minorplanetcenter.net\/db_search\/show_by_date?start_date=2011-01-01&amp;end_date=2012-07-30&amp;observatory_code=C01+--+Lohrmann-Observatorium%2C+Triebenberg&amp;commit=Show\" target=\"_blank\">http:\/\/minorplanetcenter.net\/db_search\/show_by_date?start_date=2011-01-01&amp;end_date=2012-07-30&amp;observatory_code=C01+&#8211;+Lohrmann-Observatorium%2C+Triebenberg&amp;commit=Show<br \/>\n<\/a><\/p>\n<table style=\"width: 655px; height: 2461px;\" border=\"0\" align=\"left\">\n<tbody>\n<tr style=\"background-color: #e7eaed;\">\n<td><strong>Objektname (allg.)<\/strong><\/td>\n<td><strong>Katalogname<\/strong><\/td>\n<td><strong>Typ<\/strong><\/td>\n<td><strong>Sternbild<\/strong><\/td>\n<\/tr>\n<tr>\n<td><a href=\"http:\/\/de.wikipedia.org\/wiki\/Collinder_399\" target=\"_blank\">Kleiderb\u00fcgelhaufen<\/a><\/td>\n<td>Cr399<\/td>\n<td>OC<\/td>\n<td>VUL<\/td>\n<\/tr>\n<tr>\n<td><a href=\"http:\/\/www.pinguinstall.org\/?p=760\">Barnards-Loop<\/a><\/td>\n<td>mit DSLR<\/td>\n<td>H2<\/td>\n<td>ORI<\/td>\n<\/tr>\n<tr>\n<td><a href=\"http:\/\/en.wikipedia.org\/wiki\/Albireo\" target=\"_blank\">Albireo<\/a><\/td>\n<td>\u03b2-Cygni TYC 2133-2964-1 \/ TYC 2133-2963-1<\/td>\n<td>DS<\/td>\n<td>CYG<\/td>\n<\/tr>\n<tr>\n<td><a href=\"http:\/\/aladin.u-strasbg.fr\/alapre.pl?-c=HD+173582&amp;button=RGB\" target=\"_blank\">\u03b5-Lyrae AB\/CD<\/a><\/td>\n<td>TYC 03122-3438 2<\/td>\n<td>2 x DS<\/td>\n<td>LYR<\/td>\n<\/tr>\n<tr>\n<td><a href=\"http:\/\/en.wikipedia.org\/wiki\/Gamma_Andromedae\" target=\"_blank\">Alamak<\/a><\/td>\n<td>\u03b3-Andromedae HIP 9640<\/td>\n<td>DS<\/td>\n<td>AND<\/td>\n<\/tr>\n<tr>\n<td><a href=\"http:\/\/en.wikipedia.org\/wiki\/Gamma_Delphini\" target=\"_blank\">\u03b3-Delphini<\/a><\/td>\n<td>HD 197963\/197964<\/td>\n<td>DS<\/td>\n<td>DEL<\/td>\n<\/tr>\n<tr>\n<td><a href=\"http:\/\/en.wikipedia.org\/wiki\/Algieba\" target=\"_blank\">Al Gieba<\/a><\/td>\n<td>\u03b3-Leonis HD 89484<\/td>\n<td>DS<\/td>\n<td>LEO<\/td>\n<\/tr>\n<tr>\n<td><a href=\"http:\/\/en.wikipedia.org\/wiki\/Gamma_Virginis\" target=\"_blank\">Porrima<\/a><\/td>\n<td>\u03b3-Virginis HD 110379\/110380<\/td>\n<td>DS<\/td>\n<td>VIR<\/td>\n<\/tr>\n<tr>\n<td><a href=\"http:\/\/en.wikipedia.org\/wiki\/Iota_Leonis\" target=\"_blank\">\u03b9-Leonis<\/a><\/td>\n<td><\/td>\n<td>DS<\/td>\n<td>LEO<\/td>\n<\/tr>\n<tr>\n<td><a href=\"http:\/\/de.wikipedia.org\/wiki\/Rigel\" target=\"_blank\">Riegel<\/a><\/td>\n<td>\u03b2-Ori<\/td>\n<td>DS<\/td>\n<td>ORI<\/td>\n<\/tr>\n<tr>\n<td><a href=\"http:\/\/www.solstation.com\/stars2\/castor6.htm\" target=\"_blank\">Kastor<\/a><\/td>\n<td>\u03b1-Gem<\/td>\n<td>DS<\/td>\n<td>GEM<\/td>\n<\/tr>\n<tr>\n<td><a href=\"http:\/\/www.maa.clell.de\/Messier\/E\/More\/m031_g1hst.html\" target=\"_blank\">G1<\/a> [src: <a href=\"http:\/\/aladin.u-strasbg.fr\/alapre.pl?-c=00+32+46.5%2B39+34+40&amp;button=RGB\" target=\"_blank\">1<\/a>,<a href=\"http:\/\/adsabs.harvard.edu\/abs\/2006ApJ...644L..45P\" target=\"_blank\">2<\/a>,<a href=\"http:\/\/hubblesite.org\/gallery\/album\/exotic\/pr2002018c\/\" target=\"_blank\">3<\/a>]<\/td>\n<td><\/td>\n<td>GC<\/td>\n<td>AND<\/td>\n<\/tr>\n<tr>\n<td><a href=\"http:\/\/www.pinguinstall.org\/?p=760\">IC2118<\/a><\/td>\n<td>Hexen-Nebel mit DSLR<\/td>\n<td>RN<\/td>\n<td>ORI<\/td>\n<\/tr>\n<tr>\n<td><a href=\"http:\/\/en.wikipedia.org\/wiki\/Pinwheel_Galaxy\" target=\"_blank\">M101<\/a><\/td>\n<td><\/td>\n<td>Gx<\/td>\n<td>UMA<\/td>\n<\/tr>\n<tr>\n<td><a href=\"http:\/\/aladin.u-strasbg.fr\/alapre.pl?-c=01+33+24.0%2B60+39+00&amp;button=RGB\" target=\"_blank\">M103<\/a><\/td>\n<td><\/td>\n<td>OC<\/td>\n<td>CAS<\/td>\n<\/tr>\n<tr>\n<td><a href=\"http:\/\/aladin.u-strasbg.fr\/alapre.pl?-c=M107&amp;button=RGB\" target=\"_blank\">M107<\/a><\/td>\n<td><\/td>\n<td>GC<\/td>\n<td>OPH<\/td>\n<\/tr>\n<tr>\n<td><a href=\"http:\/\/en.wikipedia.org\/wiki\/Messier_108\" target=\"_blank\">M108<\/a> [src: <a href=\"http:\/\/aladin.u-strasbg.fr\/alapre.pl?-c=M108&amp;button=RGB\" target=\"_blank\">1<\/a>]<\/td>\n<td><\/td>\n<td>Gx<\/td>\n<td>UMA<\/td>\n<\/tr>\n<tr>\n<td><a href=\"http:\/\/aladin.u-strasbg.fr\/alapre.pl?-c=11+57+35.9%2B53+22+35&amp;button=RGB\" target=\"_blank\">M109<\/a><\/td>\n<td><\/td>\n<td>Gx<\/td>\n<td>UMA<\/td>\n<\/tr>\n<tr>\n<td><a href=\"http:\/\/aladin.u-strasbg.fr\/alapre.pl?-c=00+40+22.0%2B41+41+07&amp;button=RGB\" target=\"_blank\">M110<\/a><\/td>\n<td><\/td>\n<td>Gx<\/td>\n<td>AND<\/td>\n<\/tr>\n<tr>\n<td><a href=\"http:\/\/aladin.u-strasbg.fr\/alapre.pl?-c=M10&amp;button=RGB\" target=\"_blank\">M10<\/a><\/td>\n<td><\/td>\n<td>GC<\/td>\n<td>HER<\/td>\n<\/tr>\n<tr>\n<td><a href=\"http:\/\/apod.nasa.gov\/apod\/ap011210.html\" target=\"_blank\">M15<\/a> [src: <a href=\"http:\/\/apod.nasa.gov\/apod\/ap010920.html\" target=\"_blank\">1<\/a>]<\/td>\n<td><\/td>\n<td>GC<\/td>\n<td>PEG<\/td>\n<\/tr>\n<tr>\n<td><a href=\"http:\/\/apod.nasa.gov\/apod\/ap040828.html\" target=\"_blank\">M17<\/a> [src: <a href=\"http:\/\/apod.nasa.gov\/apod\/ap030821.html\" target=\"_blank\">1<\/a>]<\/td>\n<td><\/td>\n<td>GN<\/td>\n<td>SGR<\/td>\n<\/tr>\n<tr>\n<td><a href=\"http:\/\/apod.nasa.gov\/apod\/ap010611.html\" target=\"_blank\">M2<\/a><\/td>\n<td><\/td>\n<td>GC<\/td>\n<td>AQR<\/td>\n<\/tr>\n<tr>\n<td><a href=\"http:\/\/apod.nasa.gov\/apod\/ap050627.html\" target=\"_blank\">M22<\/a> [src: <a href=\"http:\/\/apod.nasa.gov\/apod\/ap010703.html\" target=\"_blank\">1<\/a>]<\/td>\n<td><\/td>\n<td>GC<\/td>\n<td>SGR<\/td>\n<\/tr>\n<tr>\n<td><a href=\"http:\/\/apod.nasa.gov\/apod\/ap050603.html\" target=\"_blank\">M27<\/a><\/td>\n<td><\/td>\n<td>PN<\/td>\n<td>VUL<\/td>\n<\/tr>\n<tr>\n<td><a href=\"http:\/\/de.wikipedia.org\/wiki\/Messier_29\" target=\"_blank\">M29<\/a><\/td>\n<td><\/td>\n<td>OC<\/td>\n<td>CYG<\/td>\n<\/tr>\n<tr>\n<td><a href=\"http:\/\/apod.nasa.gov\/apod\/ap090510.html\" target=\"_blank\">M31<\/a><\/td>\n<td><\/td>\n<td>Gx<\/td>\n<td>AND<\/td>\n<\/tr>\n<tr>\n<td><a href=\"http:\/\/apod.nasa.gov\/apod\/ap080913.html\" target=\"_blank\">M33<\/a> [src: <a href=\"http:\/\/apod.nasa.gov\/apod\/ap061123.html\" target=\"_blank\">1<\/a>]<\/td>\n<td><\/td>\n<td>Gx<\/td>\n<td>TRI<\/td>\n<\/tr>\n<tr>\n<td><a href=\"http:\/\/aladin.u-strasbg.fr\/alapre.pl?-c=05+36+12.0%2B34+08+24&amp;button=RGB\" target=\"_blank\">M36<\/a><\/td>\n<td><\/td>\n<td>OC<\/td>\n<td>AUR<\/td>\n<\/tr>\n<tr>\n<td><a href=\"http:\/\/aladin.u-strasbg.fr\/alapre.pl?-c=M37&amp;button=RGB\" target=\"_blank\">M37<\/a><\/td>\n<td><\/td>\n<td>OC<\/td>\n<td>AUR<\/td>\n<\/tr>\n<tr>\n<td><a href=\"http:\/\/aladin.u-strasbg.fr\/alapre.pl?-c=M38&amp;button=RGB\" target=\"_blank\">M38<\/a><\/td>\n<td><\/td>\n<td>OC<\/td>\n<td>AUR<\/td>\n<\/tr>\n<tr>\n<td><a href=\"http:\/\/apod.nasa.gov\/apod\/ap000523.html\" target=\"_blank\">M4<\/a><\/td>\n<td><\/td>\n<td>GC<\/td>\n<td>SCO<\/td>\n<\/tr>\n<tr>\n<td><a href=\"http:\/\/apod.nasa.gov\/apod\/ap061120.html\" target=\"_blank\">M42\/43<\/a> [src: <a href=\"http:\/\/hubblesite.org\/newscenter\/archive\/releases\/1995\/45\/image\/\" target=\"_blank\">1<\/a>,<a href=\"http:\/\/apod.nasa.gov\/apod\/ap980925.html\" target=\"_blank\">2<\/a>,<a href=\"http:\/\/images.nrao.edu\/Galactic_Sources\/Star_Forming_Regions\/402\" target=\"_blank\">3<\/a>]<\/td>\n<td>Orion-Komplex<\/td>\n<td>GN<\/td>\n<td>ORI<\/td>\n<\/tr>\n<tr>\n<td><a href=\"http:\/\/apod.nasa.gov\/apod\/ap980803.html\" target=\"_blank\">M44<\/a><\/td>\n<td><\/td>\n<td>OC<\/td>\n<td>CNC<\/td>\n<\/tr>\n<tr>\n<td><a href=\"http:\/\/de.wikipedia.org\/wiki\/Messier_45\" target=\"_blank\">M45<\/a><\/td>\n<td>Plejaden<\/td>\n<td>OC<\/td>\n<td>TAU<\/td>\n<\/tr>\n<tr>\n<td><a href=\"http:\/\/apod.nasa.gov\/apod\/ap090526.html\" target=\"_blank\">M51<\/a><\/td>\n<td>Whirlpool-Galaxie<\/td>\n<td>Gx<\/td>\n<td>UMA<\/td>\n<\/tr>\n<tr>\n<td><a href=\"http:\/\/apod.nasa.gov\/apod\/ap091030.html\" target=\"_blank\">M52<\/a><\/td>\n<td><\/td>\n<td>OC<\/td>\n<td>CAS<\/td>\n<\/tr>\n<tr>\n<td><a href=\"http:\/\/apod.nasa.gov\/apod\/ap060625.html\" target=\"_blank\">M57<\/a><\/td>\n<td><\/td>\n<td>PN<\/td>\n<td>LYR<\/td>\n<\/tr>\n<tr>\n<td><a href=\"http:\/\/aladin.u-strasbg.fr\/alapre.pl?-c=12+42+02.4%2B11+38+45&amp;button=RGB\" target=\"_blank\">M59<\/a><\/td>\n<td><\/td>\n<td>Gx<\/td>\n<td>VIR<\/td>\n<\/tr>\n<tr>\n<td><a href=\"http:\/\/apod.nasa.gov\/apod\/ap990106.html\" target=\"_blank\">M6<\/a><\/td>\n<td><\/td>\n<td>OC<\/td>\n<td>SCO<\/td>\n<\/tr>\n<tr>\n<td><a href=\"http:\/\/aladin.u-strasbg.fr\/alapre.pl?-c=M60&amp;button=RGB\" target=\"_blank\">M60<\/a><\/td>\n<td><\/td>\n<td>Gx<\/td>\n<td>VIR<\/td>\n<\/tr>\n<tr>\n<td><a href=\"http:\/\/de.wikipedia.org\/wiki\/Messier_65\" target=\"_blank\">M65<\/a><\/td>\n<td><\/td>\n<td>Gx<\/td>\n<td>LEO<\/td>\n<\/tr>\n<tr>\n<td><a href=\"http:\/\/apod.nasa.gov\/apod\/ap040407.html\" target=\"_blank\">M66<\/a><\/td>\n<td><\/td>\n<td>Gx<\/td>\n<td>LEO<\/td>\n<\/tr>\n<tr>\n<td><a href=\"http:\/\/de.wikipedia.org\/wiki\/Messier_69\" target=\"_blank\">M69<\/a><\/td>\n<td><\/td>\n<td>GC<\/td>\n<td>SGR<\/td>\n<\/tr>\n<tr>\n<td><a href=\"http:\/\/aladin.u-strasbg.fr\/alapre.pl?-c=M70&amp;button=RGB\" target=\"_blank\">M70<\/a><\/td>\n<td><\/td>\n<td>GC<\/td>\n<td>SGR<\/td>\n<\/tr>\n<tr>\n<td><a href=\"http:\/\/de.wikipedia.org\/wiki\/Messier_71\" target=\"_blank\">M71<\/a><\/td>\n<td><\/td>\n<td>GC<\/td>\n<td>SGE<\/td>\n<\/tr>\n<tr>\n<td><a href=\"http:\/\/apod.nasa.gov\/apod\/ap990707.html\" target=\"_blank\">M80<\/a><\/td>\n<td><\/td>\n<td>GC<\/td>\n<td>SCO<\/td>\n<\/tr>\n<tr>\n<td><a href=\"http:\/\/apod.nasa.gov\/apod\/ap080627.html\" target=\"_blank\">M81<\/a> [src: <a href=\"http:\/\/apod.nasa.gov\/apod\/ap080512.html\" target=\"_blank\">1<\/a>, <a href=\"http:\/\/apod.nasa.gov\/apod\/ap070515.html\" target=\"_blank\">2<\/a>, <a href=\"http:\/\/apod.nasa.gov\/apod\/ap070529.html\" target=\"_blank\">3<\/a>,<a href=\"http:\/\/images.nrao.edu\/Galaxy\/Spiral\/115\" target=\"_blank\">4<\/a>]<\/td>\n<td><\/td>\n<td>Gx<\/td>\n<td>UMA<\/td>\n<\/tr>\n<tr>\n<td><a href=\"http:\/\/apod.nasa.gov\/apod\/ap060425.html\" target=\"_blank\">M82<\/a><\/td>\n<td><\/td>\n<td>Gx<\/td>\n<td>UMA<\/td>\n<\/tr>\n<tr>\n<td><a href=\"http:\/\/de.wikipedia.org\/wiki\/Messier_9\" target=\"_blank\">M9<\/a><\/td>\n<td><\/td>\n<td>GC<\/td>\n<td>OPH<\/td>\n<\/tr>\n<tr>\n<td><a href=\"http:\/\/en.wikipedia.org\/wiki\/Messier_92\" target=\"_blank\">M92<\/a><\/td>\n<td><\/td>\n<td>GC<\/td>\n<td>HER<\/td>\n<\/tr>\n<tr>\n<td><a href=\"http:\/\/apod.nasa.gov\/apod\/ap090515.html\" target=\"_blank\">M97<\/a><\/td>\n<td>Eulennebel<\/td>\n<td>PN<\/td>\n<td>UMA<\/td>\n<\/tr>\n<tr>\n<td><a href=\"http:\/\/simbad.u-strasbg.fr\/simbad\/sim-plot?ident=C+0318%2B484&amp;coo=03+26.0%2B49+07&amp;radius.unit=arcmin&amp;submit=plot+around&amp;radius=50\" target=\"_blank\">Mel20<\/a><\/td>\n<td><\/td>\n<td>OC<\/td>\n<td>PER<\/td>\n<\/tr>\n<tr>\n<td><a href=\"http:\/\/en.wikipedia.org\/wiki\/Hyades_%28star_cluster%29\" target=\"_blank\">Mel25<\/a><\/td>\n<td>Hyaden<\/td>\n<td>OC<\/td>\n<td>TAU<\/td>\n<\/tr>\n<tr>\n<td><a href=\"http:\/\/aladin.u-strasbg.fr\/alapre.pl?-c=01+09+27.0%2B35+43+05&amp;button=RGB\" target=\"_blank\">NGC404<\/a><\/td>\n<td><\/td>\n<td>Gx<\/td>\n<td>AND<\/td>\n<\/tr>\n<tr>\n<td><a href=\"http:\/\/www.pinguinstall.org\/?p=760\">NGC2141<\/a><\/td>\n<td>mit DSLR<\/td>\n<td>GC<\/td>\n<td>ORI<\/td>\n<\/tr>\n<tr>\n<td><a href=\"http:\/\/www.pinguinstall.org\/?p=760\">NGC1807<\/a><\/td>\n<td>mit DSLR<\/td>\n<td>GC<\/td>\n<td>ORI<\/td>\n<\/tr>\n<tr>\n<td><a href=\"http:\/\/www.pinguinstall.org\/?p=760\">NGC1817<\/a><\/td>\n<td>mit DSLR<\/td>\n<td>GC<\/td>\n<td>ORI<\/td>\n<\/tr>\n<tr>\n<td><a href=\"http:\/\/www.pinguinstall.org\/?p=760\">NGC2024<\/a><\/td>\n<td>mit DSLR<\/td>\n<td>GC<\/td>\n<td>ORI<\/td>\n<\/tr>\n<tr>\n<td><a href=\"http:\/\/www.pinguinstall.org\/?p=760\">NGC2112<\/a><\/td>\n<td>mit DSLR<\/td>\n<td>GC<\/td>\n<td>ORI<\/td>\n<\/tr>\n<tr>\n<td><a href=\"http:\/\/www.noao.edu\/outreach\/aop\/observers\/n3242.html\" target=\"_blank\">NGC 3242<\/a><\/td>\n<td>Jupiters Geist<\/td>\n<td>PN<\/td>\n<td>HYA<\/td>\n<\/tr>\n<tr>\n<td><a href=\"http:\/\/www.pinguinstall.org\/?p=500\" target=\"_blank\">NGC 7000<\/a>[<a href=\"http:\/\/www.pinguinstall.org\/?p=517\" target=\"_blank\">1<\/a>]<\/td>\n<td>Nordamerikanebel mit D700<\/td>\n<td>GN<\/td>\n<td>CYG<\/td>\n<\/tr>\n<tr>\n<td><a href=\"http:\/\/seds.org\/~spider\/ngc\/ngcdss.cgi?obj=NGC!6910&amp;r=20:23.1&amp;d=+40:47&amp;e=J2000&amp;h=15&amp;w=15&amp;f=GIF&amp;c=none\" target=\"_blank\">NGC6910<\/a><\/td>\n<td><\/td>\n<td>OC<\/td>\n<td>CYG<\/td>\n<\/tr>\n<tr>\n<td>Tr\u00fcmpler 2<\/td>\n<td><\/td>\n<td>OC<\/td>\n<td>PER<\/td>\n<\/tr>\n<tr>\n<td><a href=\"http:\/\/www.pinguinstall.org\/?p=760\">SH2-264<\/a><\/td>\n<td>mit DSLR<\/td>\n<td>H2<\/td>\n<td>ORI<\/td>\n<\/tr>\n<tr>\n<td><a href=\"http:\/\/www.pinguinstall.org\/?p=760\">SH2-263<\/a><\/td>\n<td>mit DSLR<\/td>\n<td>RN<\/td>\n<td>ORI<\/td>\n<\/tr>\n<tr>\n<td><a href=\"http:\/\/www.pinguinstall.org\/?p=760\">SH2-275<\/a><\/td>\n<td>mit DSLR<\/td>\n<td>H2<\/td>\n<td>ORI<\/td>\n<\/tr>\n<tr>\n<td><a href=\"http:\/\/aladin.u-strasbg.fr\/alapre.pl?-c=20+46+0.2%2B15+54&amp;button=RGB\" target=\"_blank\">Struve 2725<\/a><\/td>\n<td>mit DSLR<\/td>\n<td>DS<\/td>\n<td>DEL<\/td>\n<\/tr>\n<tr>\n<td><a href=\"http:\/\/en.wikipedia.org\/wiki\/103P\/Hartley\" target=\"_blank\">Hartley 2 (103P)<\/a><\/td>\n<td>Komet<\/td>\n<td><\/td>\n<td>(PER)*<\/td>\n<\/tr>\n<\/tbody>\n<\/table>\n<p style=\"text-align: justify;\">&nbsp;<\/p>\n<p style=\"text-align: justify;\"><strong>Erkl\u00e4rung:<\/strong><\/p>\n<p style=\"text-align: justify;\"><strong>DS = <\/strong>Doppelstern;<strong> GC = <\/strong>Globular Cluster (Kugelsternhaufen);<strong> OC = <\/strong>Open Cluster (offener Sternhaufen);<strong> Gx = <\/strong>Galaxie;<strong> GN = <\/strong>Gasnebel;<strong> PN = <\/strong>Planetarischer Nebel; <strong>()*<\/strong> = zur Beobachtungszeit; <strong>RN<\/strong> = Heller Reflexionsnebel; <strong>H2<\/strong> = H-II-Region<\/p>\n<p style=\"text-align: justify;\"><strong>Sternbilder: <\/strong><a href=\"http:\/\/de.wikipedia.org\/wiki\/Liste_der_Sternbilder\" target=\"_blank\">http:\/\/de.wikipedia.org\/wiki\/Liste_der_Sternbilder<\/a><\/p>\n<h1 style=\"text-align: justify;\">Sonstiges:<\/h1>\n<p style=\"text-align: justify;\">Den Eintrag zur <strong>Hauptspiegelreinigung<\/strong> beim Bresser Messier N-203: <a href=\"http:\/\/www.pinguinstall.org\/?p=77\" target=\"_blank\">hier<\/a><\/p>\n<p style=\"text-align: justify;\">GPS gest\u00fctztes Messger\u00e4t f\u00fcr Lichtverschmutzung: <a href=\"http:\/\/www.pinguinstall.org\/?page_id=478\" target=\"_blank\">hier<\/a><\/p>\n","protected":false},"excerpt":{"rendered":"<p>Meine Objektliste. Alle Objekte sind (wenn nicht anders bemerkt) mit einem Bresser Messier N-203 und unterschiedlichen Okularen visuell betrachtet worden. Die Einreichung von Asteriodenpositionen an das Minor Planet Center, die ich (solange es kein Anderer war) mit Hilfe des Lohrmann-Observatoriums auf dem Triebenberg entstanden sind lassen sich hier einsehen: http:\/\/minorplanetcenter.net\/db_search\/show_by_date?start_date=2011-01-01&amp;end_date=2012-07-30&amp;observatory_code=C01+&#8211;+Lohrmann-Observatorium%2C+Triebenberg&amp;commit=Show Objektname (allg.) Katalogname Typ Sternbild &hellip; <\/p>\n<p class=\"link-more\"><a href=\"https:\/\/clustermeister.de\/index.php\/astro\/\" class=\"more-link\">Continue reading<span class=\"screen-reader-text\"> &#8220;Astro&#8221;<\/span><\/a><\/p>\n","protected":false},"author":1,"featured_media":0,"parent":0,"menu_order":0,"comment_status":"closed","ping_status":"open","template":"","meta":{"footnotes":""},"class_list":["post-18","page","type-page","status-publish","hentry"],"_links":{"self":[{"href":"https:\/\/clustermeister.de\/index.php\/wp-json\/wp\/v2\/pages\/18","targetHints":{"allow":["GET"]}}],"collection":[{"href":"https:\/\/clustermeister.de\/index.php\/wp-json\/wp\/v2\/pages"}],"about":[{"href":"https:\/\/clustermeister.de\/index.php\/wp-json\/wp\/v2\/types\/page"}],"author":[{"embeddable":true,"href":"https:\/\/clustermeister.de\/index.php\/wp-json\/wp\/v2\/users\/1"}],"replies":[{"embeddable":true,"href":"https:\/\/clustermeister.de\/index.php\/wp-json\/wp\/v2\/comments?post=18"}],"version-history":[{"count":1,"href":"https:\/\/clustermeister.de\/index.php\/wp-json\/wp\/v2\/pages\/18\/revisions"}],"predecessor-version":[{"id":1617,"href":"https:\/\/clustermeister.de\/index.php\/wp-json\/wp\/v2\/pages\/18\/revisions\/1617"}],"wp:attachment":[{"href":"https:\/\/clustermeister.de\/index.php\/wp-json\/wp\/v2\/media?parent=18"}],"curies":[{"name":"wp","href":"https:\/\/api.w.org\/{rel}","templated":true}]}}